{"id":1406,"date":"2025-08-07T15:53:58","date_gmt":"2025-08-07T13:53:58","guid":{"rendered":"https:\/\/doctoraminerva.es\/politica-de-privacitat\/"},"modified":"2025-08-22T11:39:50","modified_gmt":"2025-08-22T09:39:50","slug":"politica-de-privacitat","status":"publish","type":"page","link":"https:\/\/doctoraminerva.es\/ca\/politica-de-privacitat\/","title":{"rendered":"Pol\u00edtica de privacitat"},"content":{"rendered":"<div class=\"fusion-fullwidth fullwidth-box fusion-builder-row-1 fusion-flex-container has-pattern-background has-mask-background nonhundred-percent-fullwidth non-hundred-percent-height-scrolling\" style=\"--link_color: var(--awb-color4);--awb-border-radius-top-left:0px;--awb-border-radius-top-right:0px;--awb-border-radius-bottom-right:0px;--awb-border-radius-bottom-left:0px;--awb-padding-right:0px;--awb-padding-left:0px;--awb-flex-wrap:wrap;\" ><div class=\"fusion-builder-row fusion-row fusion-flex-align-items-flex-start fusion-flex-content-wrap\" style=\"max-width:1508px;margin-left: calc(-4% \/ 2 );margin-right: calc(-4% \/ 2 );\"><div class=\"fusion-layout-column fusion_builder_column fusion-builder-column-0 fusion_builder_column_1_1 1_1 fusion-flex-column\" style=\"--awb-bg-size:cover;--awb-width-large:100%;--awb-margin-top-large:0px;--awb-spacing-right-large:1.92%;--awb-margin-bottom-large:20px;--awb-spacing-left-large:1.92%;--awb-width-medium:100%;--awb-order-medium:0;--awb-spacing-right-medium:1.92%;--awb-spacing-left-medium:1.92%;--awb-width-small:100%;--awb-order-small:0;--awb-spacing-right-small:1.92%;--awb-spacing-left-small:1.92%;\"><div class=\"fusion-column-wrapper fusion-column-has-shadow fusion-flex-justify-content-flex-start fusion-content-layout-column\"><div class=\"fusion-text fusion-text-1\" style=\"--awb-font-size:var(--awb-typography4-font-size);--awb-line-height:var(--awb-typography4-line-height);--awb-letter-spacing:var(--awb-typography4-letter-spacing);--awb-text-transform:var(--awb-typography4-text-transform);--awb-text-color:var(--awb-color6);--awb-text-font-family:var(--awb-typography4-font-family);--awb-text-font-weight:var(--awb-typography4-font-weight);--awb-text-font-style:var(--awb-typography4-font-style);\"><p><strong>DOCTORA MINERVA GABINET ODONTOL\u00d3GIC, S.L.P.<\/strong>, mitjan\u00e7ant la present Pol\u00edtica de Privacitat, informa als seus USUARIS del lloc web, sobre la seva pol\u00edtica respecte al tractament i protecci\u00f3 de les dades de car\u00e0cter personal dels usuaris i clients que puguin ser recopilades per la navegaci\u00f3 o la contractaci\u00f3 de serveis a trav\u00e9s del nostre lloc web.<\/p>\n<p>En aquest sentit, <strong>DOCTORA MINERVA GABINET ODONTOL\u00d3GIC, S.L.P. <\/strong> l\u2019informa de que les seves dades seran tractades de conformitat amb les normes vigents respecte a la pol\u00edtica de privacitat, d\u2019acord amb el que s\u2019estableix en el Reglament (UE) 2016\/679 de 27 d\u2019abril de 2016 (RGPD).<\/p>\n<p>L\u2019\u00fas d\u2019aquesta p\u00e0gina web implica l\u2019acceptaci\u00f3 d\u2019aquesta pol\u00edtica de privacitat.<\/p>\n<p><strong>Responsable del Tractament<\/strong><\/p>\n<p><strong>DOCTORA MINERVA GABINET ODONTOL\u00d3GIC, S.L.P.<\/strong>\u00e9s titular de la p\u00e0gina web doctoraminerva.es<\/p>\n<p>Domicili social: <strong>Colom, 10 &#8211; 08110 MONTCADA I REIXAC (Barcelona).<\/strong><\/p>\n<p>Tel\u00e8fon: <strong>+34 93 564 47 93<\/strong><\/p>\n<p>Correu electr\u00f2nic: <a href=\"mailto:protecciondatos@doctoraminerva.es\">protecciondedatos@doctoraminerva.es<\/a><\/p>\n<p><strong>1. Obtenci\u00f3 de les dades<\/strong><\/p>\n<p><strong>DOCTORA MINERVA GABINET ODONTOL\u00d3GIC, S.L.P. <\/strong>informa que les dades que s\u2019obtenen a trav\u00e9s de la nostra p\u00e0gina web, els formularis de la mateixa i els rebuts per correu electr\u00f2nic, s\u00f3n aquelles que se\u2019ns faciliten volunt\u00e0riament per l\u2019usuari, les que es deriven de relacions i comunicacions amb l\u2019empresa i informaci\u00f3 que sigui leg\u00edtimament extra\u00efble de les dades que tractem.<\/p>\n<p>De la mateixa forma, tamb\u00e9 obtenim dades a trav\u00e9s de la informaci\u00f3 de tercers que ens proporcioni el propi usuari o terceres persones, previ consentiment del mateix, existint una base leg\u00edtima.<\/p>\n<p><strong>2. Finalitat de l\u2019obtenci\u00f3 i recollida de dades<\/strong><\/p>\n<p><strong>DOCTORA MINERVA GABINET ODONTOL\u00d3GIC, S.L.P. <\/strong>tractar\u00e0 les dades que li siguin facilitades amb l\u2019objectiu d\u2019oferir-li els productes i\/o serveis que ens hagin estat contractats, gestionar les seves consultes o peticions i qualsevol altre sup\u00f2sit que sigui necessari per a complir les relacions comercials que mantingui amb nosaltres.<\/p>\n<p>Aix\u00ed mateix, tamb\u00e9 es tractaran les dades per remetre-li comunicacions comercials, sempre amb el seu consentiment previ, aix\u00ed com per analitzar h\u00e0bits de navegaci\u00f3.<\/p>\n<p>En cas de voler formar part de l\u2019equip d <strong>DOCTORA MINERVA GABINET ODONTOL\u00d3GIC, S.L.P. <\/strong>es tractaran les dades dels usuaris i la documentaci\u00f3 que ens sigui facilitada, amb la finalitat de valorar el perfil del\/de la candidat\/a i considerar-lo per a possibles vacants a l\u2019empresa.<\/p>\n<p><strong>3. Tractament de dades<\/strong><\/p>\n<p>De conformitat amb la normativa aplicable, <strong>DOCTORA MINERVA GABINET ODONTOL\u00d3GIC, S.L.P. <\/strong> es compromet a tractar les dades a les que tingui acc\u00e9s aplicant les mesures t\u00e8cniques preventives i organitzatives adequades. D\u2019aquesta manera, garantim el m\u00e0xim nivell de seguretat i uns nivells de confidencialitat, integritat i disponibilitat \u00f2ptims dels serveis i sistemes de tractament de dades.<\/p>\n<p><strong>4. Comunicaci\u00f3 d\u2019informaci\u00f3 a tercers<\/strong><\/p>\n<p><strong>DOCTORA MINERVA GABINET ODONTOL\u00d3GIC, S.L.P. <\/strong>iinforma als seus usuaris de que les seves dades personals no seran cedides a terceres organitzacions, amb l\u2019excepci\u00f3 de que aquesta cessi\u00f3 de dades estigui emparada en una obligaci\u00f3 legal o quan la prestaci\u00f3 d\u2019un servei impliqui la necessitat d\u2019una relaci\u00f3 contractual amb un encarregat del tractament. En aquest \u00faltim cas, nom\u00e9s es portar\u00e0 a terme la cessi\u00f3 de dades al tercer quan <strong>DOCTORA MINERVA GABINET ODONTOL\u00d3GIC, S.L.P. disposi del consentiment expr\u00e9s de l\u2019usuari.<\/strong><\/p>\n<p>Es possible que alguns dels nostres prove\u00efdors, per exemple Google, processin dades fora de les fronteres de la Uni\u00f3 Europea. En aquest casos, exigim al prove\u00efdor estar adscrit a un protocol d\u2019adequaci\u00f3 de protecci\u00f3 de dades aprovat per la Uni\u00f3 Europea.<\/p>\n<p><strong>5. Temps de conservaci\u00f3 de les dades<\/strong><\/p>\n<p><strong>DOCTORA MINERVA GABINET ODONTOL\u00d3GIC, S.L.P. <\/strong>conservar\u00e0 totes les dades de l\u2019usuari fins el moment en que sol\u00b7liciti expressament la seva supressi\u00f3 o, pel contrari, fins que acabi la relaci\u00f3 empresarial que l\u2019uneix amb la nostra empresa. En aquest cas, les dades es suprimiran quan s\u2019hagin acomplert els termes legals previstos.<\/p>\n<p><strong>6. Drets dels usuaris<\/strong><\/p>\n<p>Vost\u00e8 sempre podr\u00e0 exercir els drets d\u2019acc\u00e9s, rectificaci\u00f3, supressi\u00f3, limitaci\u00f3, oposici\u00f3 i portabilitat d\u2019acord amb el previst en la normativa legal vigent en mat\u00e8ria de pol\u00edtica de privacitat.<\/p>\n<p>Per a fer \u00fas d\u2019aquest drets, haur\u00e0 de dirigir-se mitjan\u00e7ant comunicaci\u00f3 escrita, aportant documentaci\u00f3 que acrediti la seva identitat (DNI o passaport), a la seg\u00fcent adre\u00e7a:<\/p>\n<p><strong>DOCTORA MINERVA GABINET ODONTOL\u00d3GIC, S.L.P. Colom, 1 08110 MONTCADA I REIXAC (Barcelona).<\/strong><\/p>\n<p>o mitjan\u00e7ant correu electr\u00f2nic: <a href=\"mailto:protecciondatos@doctoraminerva.es\">protecciondedatos@doctoraminerva.es<\/a><\/p>\n<p>Aquesta comunicaci\u00f3 haur\u00e0 d&#8217;indicar de manera clara i concisa les seves dades identificatives i acreditatives, aix\u00ed com la seva sol\u00b7licitud respecte a les seves dades.<\/p>\n<p><strong>7. Responsabilitats dels usuaris<\/strong><\/p>\n<p>L\u2019usuari es responsabilitza de que totes les dades que es facilitin i s\u2019envi\u00efn a <strong>DOCTORA MINERVA GABINET ODONTOL\u00d3GIC, S.L.P. <\/strong>s\u00f3n ver\u00eddiques, exactes, actualitzades, vigents i aut\u00e8ntiques.<\/p>\n<p>Aix\u00ed mateix, tamb\u00e9 \u00e9s responsable del consentiment que es dona a l\u2019empresa per al seu tractament i utilitzaci\u00f3. De la mateixa manera, l\u2019usuari es fa responsable de les dades a tercers que ens pugui facilitar, respecte als quals est\u00e0 obligat a tenir el seu consentiment expr\u00e9s.<\/p>\n<p><strong>8. Legislaci\u00f3 i jurisdicci\u00f3<\/strong><\/p>\n<p>El fet d\u2019entrar en el lloc web i a les aplicacions de <strong>DOCTORA MINERVA GABINET ODONTOL\u00d3GIC, S.L.P.<\/strong> implica l\u2019acceptaci\u00f3 de les condicions disposades en la present Pol\u00edtica de Privacitat. En cas de no acceptar aquestes condicions, haur\u00e0 d\u2019evitar utilitzar i visitar la nostra p\u00e0gina web.<\/p>\n<p>Tot tipus d\u2019inconvenient i controv\u00e8rsia que es pugui donar, es regir\u00e0 per la legislaci\u00f3 espanyola i es sotmetr\u00e0 als Jutjats i Tribunals de la ciutat m\u00e9s propera al domicili social de <strong>DOCTORA MINERVA GABINET ODONTOL\u00d3GIC, S.L.P.<\/strong><\/p>\n<\/div><\/div><\/div><\/div><\/div>\n","protected":false},"excerpt":{"rendered":"","protected":false},"author":1,"featured_media":0,"parent":0,"menu_order":0,"comment_status":"closed","ping_status":"closed","template":"100-width.php","meta":{"footnotes":""},"class_list":["post-1406","page","type-page","status-publish","hentry"],"yoast_head":"<!-- This site is optimized with the Yoast SEO plugin v27.4 - https:\/\/yoast.com\/product\/yoast-seo-wordpress\/ -->\n<title>Pol\u00edtica de privacitat - Cl\u00ednica dental en Montcada i Reixac de la Doctora Minerva.<\/title>\n<meta name=\"description\" content=\"Av\u00eds legal, pol\u00edtica de privacitat i informaci\u00f3 de les cookies de la Cl\u00ednica dental Doctora Minerva a Montcada i Reixac (BCN).\" \/>\n<meta name=\"robots\" content=\"index, follow, max-snippet:-1, max-image-preview:large, max-video-preview:-1\" \/>\n<link rel=\"canonical\" href=\"https:\/\/doctoraminerva.es\/ca\/politica-de-privacitat\/\" \/>\n<meta property=\"og:locale\" content=\"ca_ES\" \/>\n<meta property=\"og:type\" content=\"article\" \/>\n<meta property=\"og:title\" content=\"Pol\u00edtica de privacitat - Cl\u00ednica dental en Montcada i Reixac de la Doctora Minerva.\" \/>\n<meta property=\"og:description\" content=\"Av\u00eds legal, pol\u00edtica de privacitat i informaci\u00f3 de les cookies de la Cl\u00ednica dental Doctora Minerva a Montcada i Reixac (BCN).\" \/>\n<meta property=\"og:url\" content=\"https:\/\/doctoraminerva.es\/ca\/politica-de-privacitat\/\" \/>\n<meta property=\"og:site_name\" content=\"Cl\u00ednica dental en Montcada i Reixac de la Doctora Minerva.\" \/>\n<meta property=\"article:modified_time\" content=\"2025-08-22T09:39:50+00:00\" \/>\n<meta name=\"twitter:card\" content=\"summary_large_image\" \/>\n<meta name=\"twitter:label1\" content=\"Temps estimat de lectura\" \/>\n\t<meta name=\"twitter:data1\" content=\"4 minuts\" \/>\n<script type=\"application\/ld+json\" class=\"yoast-schema-graph\">{\"@context\":\"https:\\\/\\\/schema.org\",\"@graph\":[{\"@type\":\"WebPage\",\"@id\":\"https:\\\/\\\/doctoraminerva.es\\\/ca\\\/politica-de-privacitat\\\/\",\"url\":\"https:\\\/\\\/doctoraminerva.es\\\/ca\\\/politica-de-privacitat\\\/\",\"name\":\"Pol\u00edtica de privacitat - Cl\u00ednica dental en Montcada i Reixac de la Doctora Minerva.\",\"isPartOf\":{\"@id\":\"https:\\\/\\\/doctoraminerva.es\\\/ca\\\/#website\"},\"datePublished\":\"2025-08-07T13:53:58+00:00\",\"dateModified\":\"2025-08-22T09:39:50+00:00\",\"description\":\"Av\u00eds legal, pol\u00edtica de privacitat i informaci\u00f3 de les cookies de la Cl\u00ednica dental Doctora Minerva a Montcada i Reixac (BCN).\",\"breadcrumb\":{\"@id\":\"https:\\\/\\\/doctoraminerva.es\\\/ca\\\/politica-de-privacitat\\\/#breadcrumb\"},\"inLanguage\":\"ca\",\"potentialAction\":[{\"@type\":\"ReadAction\",\"target\":[\"https:\\\/\\\/doctoraminerva.es\\\/ca\\\/politica-de-privacitat\\\/\"]}]},{\"@type\":\"BreadcrumbList\",\"@id\":\"https:\\\/\\\/doctoraminerva.es\\\/ca\\\/politica-de-privacitat\\\/#breadcrumb\",\"itemListElement\":[{\"@type\":\"ListItem\",\"position\":1,\"name\":\"Inici\",\"item\":\"https:\\\/\\\/doctoraminerva.es\\\/ca\\\/\"},{\"@type\":\"ListItem\",\"position\":2,\"name\":\"Pol\u00edtica de privacitat\"}]},{\"@type\":\"WebSite\",\"@id\":\"https:\\\/\\\/doctoraminerva.es\\\/ca\\\/#website\",\"url\":\"https:\\\/\\\/doctoraminerva.es\\\/ca\\\/\",\"name\":\"Cl\u00ednica dental en Montcada i Reixac de la Doctora Minerva.\",\"description\":\"\",\"potentialAction\":[{\"@type\":\"SearchAction\",\"target\":{\"@type\":\"EntryPoint\",\"urlTemplate\":\"https:\\\/\\\/doctoraminerva.es\\\/ca\\\/?s={search_term_string}\"},\"query-input\":{\"@type\":\"PropertyValueSpecification\",\"valueRequired\":true,\"valueName\":\"search_term_string\"}}],\"inLanguage\":\"ca\"}]}<\/script>\n<!-- \/ Yoast SEO plugin. -->","yoast_head_json":{"title":"Pol\u00edtica de privacitat - Cl\u00ednica dental en Montcada i Reixac de la Doctora Minerva.","description":"Av\u00eds legal, pol\u00edtica de privacitat i informaci\u00f3 de les cookies de la Cl\u00ednica dental Doctora Minerva a Montcada i Reixac (BCN).","robots":{"index":"index","follow":"follow","max-snippet":"max-snippet:-1","max-image-preview":"max-image-preview:large","max-video-preview":"max-video-preview:-1"},"canonical":"https:\/\/doctoraminerva.es\/ca\/politica-de-privacitat\/","og_locale":"ca_ES","og_type":"article","og_title":"Pol\u00edtica de privacitat - Cl\u00ednica dental en Montcada i Reixac de la Doctora Minerva.","og_description":"Av\u00eds legal, pol\u00edtica de privacitat i informaci\u00f3 de les cookies de la Cl\u00ednica dental Doctora Minerva a Montcada i Reixac (BCN).","og_url":"https:\/\/doctoraminerva.es\/ca\/politica-de-privacitat\/","og_site_name":"Cl\u00ednica dental en Montcada i Reixac de la Doctora Minerva.","article_modified_time":"2025-08-22T09:39:50+00:00","twitter_card":"summary_large_image","twitter_misc":{"Temps estimat de lectura":"4 minuts"},"schema":{"@context":"https:\/\/schema.org","@graph":[{"@type":"WebPage","@id":"https:\/\/doctoraminerva.es\/ca\/politica-de-privacitat\/","url":"https:\/\/doctoraminerva.es\/ca\/politica-de-privacitat\/","name":"Pol\u00edtica de privacitat - Cl\u00ednica dental en Montcada i Reixac de la Doctora Minerva.","isPartOf":{"@id":"https:\/\/doctoraminerva.es\/ca\/#website"},"datePublished":"2025-08-07T13:53:58+00:00","dateModified":"2025-08-22T09:39:50+00:00","description":"Av\u00eds legal, pol\u00edtica de privacitat i informaci\u00f3 de les cookies de la Cl\u00ednica dental Doctora Minerva a Montcada i Reixac (BCN).","breadcrumb":{"@id":"https:\/\/doctoraminerva.es\/ca\/politica-de-privacitat\/#breadcrumb"},"inLanguage":"ca","potentialAction":[{"@type":"ReadAction","target":["https:\/\/doctoraminerva.es\/ca\/politica-de-privacitat\/"]}]},{"@type":"BreadcrumbList","@id":"https:\/\/doctoraminerva.es\/ca\/politica-de-privacitat\/#breadcrumb","itemListElement":[{"@type":"ListItem","position":1,"name":"Inici","item":"https:\/\/doctoraminerva.es\/ca\/"},{"@type":"ListItem","position":2,"name":"Pol\u00edtica de privacitat"}]},{"@type":"WebSite","@id":"https:\/\/doctoraminerva.es\/ca\/#website","url":"https:\/\/doctoraminerva.es\/ca\/","name":"Cl\u00ednica dental en Montcada i Reixac de la Doctora Minerva.","description":"","potentialAction":[{"@type":"SearchAction","target":{"@type":"EntryPoint","urlTemplate":"https:\/\/doctoraminerva.es\/ca\/?s={search_term_string}"},"query-input":{"@type":"PropertyValueSpecification","valueRequired":true,"valueName":"search_term_string"}}],"inLanguage":"ca"}]}},"_links":{"self":[{"href":"https:\/\/doctoraminerva.es\/ca\/wp-json\/wp\/v2\/pages\/1406","targetHints":{"allow":["GET"]}}],"collection":[{"href":"https:\/\/doctoraminerva.es\/ca\/wp-json\/wp\/v2\/pages"}],"about":[{"href":"https:\/\/doctoraminerva.es\/ca\/wp-json\/wp\/v2\/types\/page"}],"author":[{"embeddable":true,"href":"https:\/\/doctoraminerva.es\/ca\/wp-json\/wp\/v2\/users\/1"}],"replies":[{"embeddable":true,"href":"https:\/\/doctoraminerva.es\/ca\/wp-json\/wp\/v2\/comments?post=1406"}],"version-history":[{"count":0,"href":"https:\/\/doctoraminerva.es\/ca\/wp-json\/wp\/v2\/pages\/1406\/revisions"}],"wp:attachment":[{"href":"https:\/\/doctoraminerva.es\/ca\/wp-json\/wp\/v2\/media?parent=1406"}],"curies":[{"name":"wp","href":"https:\/\/api.w.org\/{rel}","templated":true}]}}