{"id":1403,"date":"2025-08-07T15:58:08","date_gmt":"2025-08-07T13:58:08","guid":{"rendered":"https:\/\/doctoraminerva.es\/informacio-sobre-cookies\/"},"modified":"2025-08-22T11:40:02","modified_gmt":"2025-08-22T09:40:02","slug":"informacio-sobre-cookies","status":"publish","type":"page","link":"https:\/\/doctoraminerva.es\/ca\/informacio-sobre-cookies\/","title":{"rendered":"Informaci\u00f3 sobre cookies"},"content":{"rendered":"<div class=\"fusion-fullwidth fullwidth-box fusion-builder-row-1 fusion-flex-container has-pattern-background has-mask-background nonhundred-percent-fullwidth non-hundred-percent-height-scrolling\" style=\"--link_color: var(--awb-color4);--awb-border-radius-top-left:0px;--awb-border-radius-top-right:0px;--awb-border-radius-bottom-right:0px;--awb-border-radius-bottom-left:0px;--awb-padding-right:0px;--awb-padding-left:0px;--awb-flex-wrap:wrap;\" ><div class=\"fusion-builder-row fusion-row fusion-flex-align-items-flex-start fusion-flex-content-wrap\" style=\"max-width:1508px;margin-left: calc(-4% \/ 2 );margin-right: calc(-4% \/ 2 );\"><div class=\"fusion-layout-column fusion_builder_column fusion-builder-column-0 fusion_builder_column_1_1 1_1 fusion-flex-column\" style=\"--awb-bg-size:cover;--awb-width-large:100%;--awb-margin-top-large:0px;--awb-spacing-right-large:1.92%;--awb-margin-bottom-large:20px;--awb-spacing-left-large:1.92%;--awb-width-medium:100%;--awb-order-medium:0;--awb-spacing-right-medium:1.92%;--awb-spacing-left-medium:1.92%;--awb-width-small:100%;--awb-order-small:0;--awb-spacing-right-small:1.92%;--awb-spacing-left-small:1.92%;\"><div class=\"fusion-column-wrapper fusion-column-has-shadow fusion-flex-justify-content-flex-start fusion-content-layout-column\"><div class=\"fusion-text fusion-text-1\" style=\"--awb-content-alignment:left;--awb-font-size:var(--awb-typography4-font-size);--awb-line-height:var(--awb-typography4-line-height);--awb-letter-spacing:var(--awb-typography4-letter-spacing);--awb-text-transform:var(--awb-typography4-text-transform);--awb-text-color:var(--awb-color6);--awb-text-font-family:var(--awb-typography4-font-family);--awb-text-font-weight:var(--awb-typography4-font-weight);--awb-text-font-style:var(--awb-typography4-font-style);\"><p style=\"text-align: justify;\">En el nostre lloc web utilitzem cookies, tant pr\u00f2pies com de tercers (Google Analytics) per millorar la teva experi\u00e8ncia d\u2019usuari i recollir dades estad\u00edstiques sobre l\u2019\u00fas de la nostra web per part dels usuaris. Les cookies s\u2019associen \u00fanicament al navegador que est\u00e0 utilitzant, de manera que no s\u2019emmagatzema cap tipus de dades personals sobre l\u2019usuari que visita la nostra p\u00e0gina web. Vost\u00e8 pot configurar el seu navegador perqu\u00e8 notifiqui i\/o rebutgi la instal\u00b7laci\u00f3 de les cookies, sense que aix\u00f2 perjudiqui la possibilitat de l\u2019usuari de poder accedir a les diferents zones de la web, excepte al servei de xat de suport t\u00e8cnic.<\/p>\n<p style=\"text-align: justify;\">Si navegues per la nostra web, estar\u00e0s acceptant l\u2019\u00fas de les cookies en les condicions establertes en aquesta <strong>Pol\u00edtica de Cookies.<\/strong> Aquesta pol\u00edtica pot ser actualitzada, per la qual cosa et convidem a revisar-la de forma regular.<\/p>\n<p><strong>Qu\u00e8 son les cookies?<\/strong><\/p>\n<p style=\"text-align: justify;\">S\u00f3n petits fitxers de dades que el servidor d\u2019Internet envia al dispositiu amb el qual et connectes a les nostres webs i que aquest arxiva. S\u2019associen \u00fanicament al teu navegador i no proporcionen per si mateixes dades personals. Les cookies no poden malmetre el teu dispositiu i a m\u00e9s s\u00f3n molt \u00fatils, ja que ens ajuden a identificar i resoldre errors.<\/p>\n<p style=\"text-align: justify;\">Si vols m\u00e9s informaci\u00f3 sobre el seu funcionament, et recomanem que visitis <a href=\"http:\/\/www.allaboutcookies.org\" target=\"_blank\" rel=\"noopener\"><strong>www.allaboutcookies.org i<\/strong><\/a> <a href=\"http:\/\/www.youronlinechoices.eu\/es\/\" target=\"_blank\" rel=\"noopener\"><strong>www.youronlinechoices.eu<\/strong><\/a><\/p>\n<p><strong>Cookies de xarxes socials<\/strong><\/p>\n<p style=\"text-align: justify;\">A la nostra p\u00e0gina web s\u2019inclouen botons que els usuaris poden utilitzar, de forma senzilla i intu\u00eftiva, per enlla\u00e7ar i compartir certs continguts a les xarxes socials com Facebook, Twitter, Google+, LinkedIn o Pinterest. Aquesta funcionalitat comporta l\u2019\u00fas de cookies que enllacen amb les p\u00e0gines web d\u2019aquestes xarxes socials, emmagatzemant la informaci\u00f3 \u00fanicament en elles.<\/p>\n<p><strong>Configuraci\u00f3 de les cookies<\/strong><\/p>\n<p style=\"text-align: justify;\">Pots consultar els passos per deshabilitar la instal\u00b7laci\u00f3 de cookies en la secci\u00f3 de \u201cAjuda\u201d del teu navegador: Microsoft Internet Explorer, Google Chrome, Safari, Mozilla Firefox i Opera.<\/p>\n<p style=\"text-align: justify;\">Molts navegadors permeten activar un sistema privat mitjan\u00e7ant el qual les cookies s\u2019esborren sempre despr\u00e9s de la teva visita a la web. Depenent de cada navegador aquest sistema pot tenir diferents noms. A continuaci\u00f3 detallem una llista dels navegadors m\u00e9s comuns i els diferents noms d\u2019aquest sistema privat:<\/p>\n<ul style=\"text-align: justify;\">\n<li>Internet Explorer 8 i superior &#8211; InPrivate<\/li>\n<li>Opera 10.5 i superior &#8211; Navegaci\u00f3 Privada<\/li>\n<li>Google Chrome 10 i superior \u2013 Inc\u00f2gnit<\/li>\n<li>Safari 2 i superior \u2013 Navegaci\u00f3 Privada<\/li>\n<li>Firefox 3.5 i superior \u2013 Navegaci\u00f3 Privada<\/li>\n<\/ul>\n<p style=\"text-align: justify;\">A continuaci\u00f3 us detallem la relaci\u00f3 de cookies utilitzades per <a href=\"http:\/\/doctoraminerva.es\"><strong>doctoraminerva.es<\/strong><\/a>:<\/p>\n<\/div><table class=\"cookie-table\">\n  <thead>\n    <tr class=\"cookie-header\">\n      <th class=\"cookie-col cookie-name\">Cookie<\/th>\n<th class=\"cookie-col cookie-type\">Tipus<\/th>\n<th class=\"cookie-col cookie-duration\">Duraci\u00f3<\/th>\n<th class=\"cookie-col cookie-description\">Descripci\u00f3<\/th>\n    <\/tr>\n  <\/thead>\n  <tbody>\n    <tr class=\"cookie-row\">\n      <td class=\"cookie-name\" data-label=\"Cookie\">datr<\/td>\n<td class=\"cookie-type\" data-label=\"Tipo\">De tercers<\/td>\n<td class=\"cookie-duration\" data-label=\"Duraci\u00f3n\">Al finalitzar la sessi\u00f3 de navegaci\u00f3<\/td>\n<td class=\"cookie-description\" data-label=\"Descripci\u00f3n\">Comprova en cada login si el compte d'usuari est\u00e0 sent utilitzada fraudelentament per un tercer.<\/td>\n    <\/tr>\n    <tr class=\"cookie-row\">\n      <td class=\"cookie-name\" data-label=\"Cookie\">__atuvc<\/td>\n<td class=\"cookie-type\" data-label=\"Tipo\">De tercers<\/td>\n<td class=\"cookie-duration\" data-label=\"Duraci\u00f3n\">2 anys des de que es va crear inicialment o es va reestablir<\/td>\n<td class=\"cookie-description\" data-label=\"Descripci\u00f3n\">Permet als visitants compartir una p\u00e0gina per xarxes sociales, email o altres mitjans.<\/td>\n    <\/tr>\n    <tr class=\"cookie-row\">\n      <td class=\"cookie-name\" data-label=\"Cookie\">_ga<\/td>\n<td class=\"cookie-type\" data-label=\"Tipo\">De tercers<\/td>\n<td class=\"cookie-duration\" data-label=\"Duraci\u00f3n\">2 anys<\/td>\n<td class=\"cookie-description\" data-label=\"Descripci\u00f3n\">Utilizada per Google Analytics<\/td>\n    <\/tr>\n    <tr class=\"cookie-row\">\n      <td class=\"cookie-name\" data-label=\"Cookie\">_gat<\/td>\n<td class=\"cookie-type\" data-label=\"Tipo\">De tercers<\/td>\n<td class=\"cookie-duration\" data-label=\"Duraci\u00f3n\">Al finalitzar sessi\u00f3<\/td>\n<td class=\"cookie-description\" data-label=\"Descripci\u00f3n\">Utilizada per Google Analytics<\/td>\n    <\/tr>\n    <tr class=\"cookie-row\">\n      <td class=\"cookie-name\" data-label=\"Cookie\">fr<\/td>\n<td class=\"cookie-type\" data-label=\"Tipo\">De tercers<\/td>\n<td class=\"cookie-duration\" data-label=\"Duraci\u00f3n\">Al finalitzar sessi\u00f3<\/td>\n<td class=\"cookie-description\" data-label=\"Descripci\u00f3n\">Serveix per a identificar a l'usuario en Facebook.<\/td>\n    <\/tr>\n    <tr class=\"cookie-row\">\n      <td class=\"cookie-name\" data-label=\"Cookie\">lu<\/td>\n<td class=\"cookie-type\" data-label=\"Tipo\">De tercers<\/td>\n<td class=\"cookie-duration\" data-label=\"Duraci\u00f3n\">Al finalitzar sessi\u00f3<\/td>\n<td class=\"cookie-description\" data-label=\"Descripci\u00f3n\">Serveix per a identificar a l'usuario en Facebook.<\/td>\n    <\/tr>\n  <\/tbody>\n<\/table>\n<\/div><\/div><\/div><\/div>\n","protected":false},"excerpt":{"rendered":"","protected":false},"author":1,"featured_media":0,"parent":0,"menu_order":0,"comment_status":"closed","ping_status":"closed","template":"100-width.php","meta":{"footnotes":""},"class_list":["post-1403","page","type-page","status-publish","hentry"],"yoast_head":"<!-- This site is optimized with the Yoast SEO plugin v27.5 - https:\/\/yoast.com\/product\/yoast-seo-wordpress\/ -->\n<title>Informaci\u00f3 sobre cookies - Cl\u00ednica dental en Montcada i Reixac de la Doctora Minerva.<\/title>\n<meta name=\"description\" content=\"Av\u00eds legal, pol\u00edtica de privacitat i informaci\u00f3 sobre cookies de la Cl\u00ednica dental Doctora Minerva a Montcada i Reixac (BCN).\" \/>\n<meta name=\"robots\" content=\"index, follow, max-snippet:-1, max-image-preview:large, max-video-preview:-1\" \/>\n<link rel=\"canonical\" href=\"https:\/\/doctoraminerva.es\/ca\/informacio-sobre-cookies\/\" \/>\n<meta property=\"og:locale\" content=\"ca_ES\" \/>\n<meta property=\"og:type\" content=\"article\" \/>\n<meta property=\"og:title\" content=\"Informaci\u00f3 sobre cookies - Cl\u00ednica dental en Montcada i Reixac de la Doctora Minerva.\" \/>\n<meta property=\"og:description\" content=\"Av\u00eds legal, pol\u00edtica de privacitat i informaci\u00f3 sobre cookies de la Cl\u00ednica dental Doctora Minerva a Montcada i Reixac (BCN).\" \/>\n<meta property=\"og:url\" content=\"https:\/\/doctoraminerva.es\/ca\/informacio-sobre-cookies\/\" \/>\n<meta property=\"og:site_name\" content=\"Cl\u00ednica dental en Montcada i Reixac de la Doctora Minerva.\" \/>\n<meta property=\"article:modified_time\" content=\"2025-08-22T09:40:02+00:00\" \/>\n<meta name=\"twitter:card\" content=\"summary_large_image\" \/>\n<meta name=\"twitter:label1\" content=\"Temps estimat de lectura\" \/>\n\t<meta name=\"twitter:data1\" content=\"3 minuts\" \/>\n<script type=\"application\/ld+json\" class=\"yoast-schema-graph\">{\"@context\":\"https:\\\/\\\/schema.org\",\"@graph\":[{\"@type\":\"WebPage\",\"@id\":\"https:\\\/\\\/doctoraminerva.es\\\/ca\\\/informacio-sobre-cookies\\\/\",\"url\":\"https:\\\/\\\/doctoraminerva.es\\\/ca\\\/informacio-sobre-cookies\\\/\",\"name\":\"Informaci\u00f3 sobre cookies - Cl\u00ednica dental en Montcada i Reixac de la Doctora Minerva.\",\"isPartOf\":{\"@id\":\"https:\\\/\\\/doctoraminerva.es\\\/ca\\\/#website\"},\"datePublished\":\"2025-08-07T13:58:08+00:00\",\"dateModified\":\"2025-08-22T09:40:02+00:00\",\"description\":\"Av\u00eds legal, pol\u00edtica de privacitat i informaci\u00f3 sobre cookies de la Cl\u00ednica dental Doctora Minerva a Montcada i Reixac (BCN).\",\"breadcrumb\":{\"@id\":\"https:\\\/\\\/doctoraminerva.es\\\/ca\\\/informacio-sobre-cookies\\\/#breadcrumb\"},\"inLanguage\":\"ca\",\"potentialAction\":[{\"@type\":\"ReadAction\",\"target\":[\"https:\\\/\\\/doctoraminerva.es\\\/ca\\\/informacio-sobre-cookies\\\/\"]}]},{\"@type\":\"BreadcrumbList\",\"@id\":\"https:\\\/\\\/doctoraminerva.es\\\/ca\\\/informacio-sobre-cookies\\\/#breadcrumb\",\"itemListElement\":[{\"@type\":\"ListItem\",\"position\":1,\"name\":\"Inici\",\"item\":\"https:\\\/\\\/doctoraminerva.es\\\/ca\\\/\"},{\"@type\":\"ListItem\",\"position\":2,\"name\":\"Informaci\u00f3 sobre cookies\"}]},{\"@type\":\"WebSite\",\"@id\":\"https:\\\/\\\/doctoraminerva.es\\\/ca\\\/#website\",\"url\":\"https:\\\/\\\/doctoraminerva.es\\\/ca\\\/\",\"name\":\"Cl\u00ednica dental en Montcada i Reixac de la Doctora Minerva.\",\"description\":\"\",\"potentialAction\":[{\"@type\":\"SearchAction\",\"target\":{\"@type\":\"EntryPoint\",\"urlTemplate\":\"https:\\\/\\\/doctoraminerva.es\\\/ca\\\/?s={search_term_string}\"},\"query-input\":{\"@type\":\"PropertyValueSpecification\",\"valueRequired\":true,\"valueName\":\"search_term_string\"}}],\"inLanguage\":\"ca\"}]}<\/script>\n<!-- \/ Yoast SEO plugin. -->","yoast_head_json":{"title":"Informaci\u00f3 sobre cookies - Cl\u00ednica dental en Montcada i Reixac de la Doctora Minerva.","description":"Av\u00eds legal, pol\u00edtica de privacitat i informaci\u00f3 sobre cookies de la Cl\u00ednica dental Doctora Minerva a Montcada i Reixac (BCN).","robots":{"index":"index","follow":"follow","max-snippet":"max-snippet:-1","max-image-preview":"max-image-preview:large","max-video-preview":"max-video-preview:-1"},"canonical":"https:\/\/doctoraminerva.es\/ca\/informacio-sobre-cookies\/","og_locale":"ca_ES","og_type":"article","og_title":"Informaci\u00f3 sobre cookies - Cl\u00ednica dental en Montcada i Reixac de la Doctora Minerva.","og_description":"Av\u00eds legal, pol\u00edtica de privacitat i informaci\u00f3 sobre cookies de la Cl\u00ednica dental Doctora Minerva a Montcada i Reixac (BCN).","og_url":"https:\/\/doctoraminerva.es\/ca\/informacio-sobre-cookies\/","og_site_name":"Cl\u00ednica dental en Montcada i Reixac de la Doctora Minerva.","article_modified_time":"2025-08-22T09:40:02+00:00","twitter_card":"summary_large_image","twitter_misc":{"Temps estimat de lectura":"3 minuts"},"schema":{"@context":"https:\/\/schema.org","@graph":[{"@type":"WebPage","@id":"https:\/\/doctoraminerva.es\/ca\/informacio-sobre-cookies\/","url":"https:\/\/doctoraminerva.es\/ca\/informacio-sobre-cookies\/","name":"Informaci\u00f3 sobre cookies - Cl\u00ednica dental en Montcada i Reixac de la Doctora Minerva.","isPartOf":{"@id":"https:\/\/doctoraminerva.es\/ca\/#website"},"datePublished":"2025-08-07T13:58:08+00:00","dateModified":"2025-08-22T09:40:02+00:00","description":"Av\u00eds legal, pol\u00edtica de privacitat i informaci\u00f3 sobre cookies de la Cl\u00ednica dental Doctora Minerva a Montcada i Reixac (BCN).","breadcrumb":{"@id":"https:\/\/doctoraminerva.es\/ca\/informacio-sobre-cookies\/#breadcrumb"},"inLanguage":"ca","potentialAction":[{"@type":"ReadAction","target":["https:\/\/doctoraminerva.es\/ca\/informacio-sobre-cookies\/"]}]},{"@type":"BreadcrumbList","@id":"https:\/\/doctoraminerva.es\/ca\/informacio-sobre-cookies\/#breadcrumb","itemListElement":[{"@type":"ListItem","position":1,"name":"Inici","item":"https:\/\/doctoraminerva.es\/ca\/"},{"@type":"ListItem","position":2,"name":"Informaci\u00f3 sobre cookies"}]},{"@type":"WebSite","@id":"https:\/\/doctoraminerva.es\/ca\/#website","url":"https:\/\/doctoraminerva.es\/ca\/","name":"Cl\u00ednica dental en Montcada i Reixac de la Doctora Minerva.","description":"","potentialAction":[{"@type":"SearchAction","target":{"@type":"EntryPoint","urlTemplate":"https:\/\/doctoraminerva.es\/ca\/?s={search_term_string}"},"query-input":{"@type":"PropertyValueSpecification","valueRequired":true,"valueName":"search_term_string"}}],"inLanguage":"ca"}]}},"_links":{"self":[{"href":"https:\/\/doctoraminerva.es\/ca\/wp-json\/wp\/v2\/pages\/1403","targetHints":{"allow":["GET"]}}],"collection":[{"href":"https:\/\/doctoraminerva.es\/ca\/wp-json\/wp\/v2\/pages"}],"about":[{"href":"https:\/\/doctoraminerva.es\/ca\/wp-json\/wp\/v2\/types\/page"}],"author":[{"embeddable":true,"href":"https:\/\/doctoraminerva.es\/ca\/wp-json\/wp\/v2\/users\/1"}],"replies":[{"embeddable":true,"href":"https:\/\/doctoraminerva.es\/ca\/wp-json\/wp\/v2\/comments?post=1403"}],"version-history":[{"count":0,"href":"https:\/\/doctoraminerva.es\/ca\/wp-json\/wp\/v2\/pages\/1403\/revisions"}],"wp:attachment":[{"href":"https:\/\/doctoraminerva.es\/ca\/wp-json\/wp\/v2\/media?parent=1403"}],"curies":[{"name":"wp","href":"https:\/\/api.w.org\/{rel}","templated":true}]}}